{"id":1735,"date":"2023-03-23T12:49:11","date_gmt":"2023-03-23T12:49:11","guid":{"rendered":"https:\/\/21stcroatia.com\/pravila-o-kolacicima\/"},"modified":"2023-04-28T11:28:16","modified_gmt":"2023-04-28T11:28:16","slug":"pravila-o-kolacicima","status":"publish","type":"page","link":"https:\/\/21stcroatia.com\/hr\/pravila-o-kolacicima\/","title":{"rendered":"Pravila o kola\u010di\u0107ima"},"content":{"rendered":"<div class=\"single-content\">\n<p><i>Ova web stranica koristi kola\u010di\u0107e kako bi pobolj\u0161ala va\u0161e iskustvo i analizirala promet. Pro\u010ditajte na\u0161u Pravila o privatnosti kako biste saznali vi\u0161e.<\/i><\/p>\n<p>Ova web stranica koristi kola\u010di\u0107e. Kada posjetite na\u0161u web stranicu, u po\u010detku vam se daje &#8220;kola\u010di\u0107&#8221;, a va\u0161em ra\u010dunalu dodjeljuje ID broj. Kola\u010di\u0107 je uobi\u010dajeni dio softvera koji prati pojedina\u010dne preferencije korisnika i koji mo\u017ee pobolj\u0161ati va\u0161e iskustvo posjeta web stranici. Kola\u010di\u0107i nam omogu\u0107uju pru\u017eanje prilago\u0111enog iskustva bez da nas morate podsjetiti na svoje postavke svaki put kada posjetite na\u0161u web stranicu. Ne dijelimo va\u0161u aktivnost na na\u0161oj web stranici s tre\u0107im stranama, niti prikupljamo podatke s drugih web stranica koje posjetite. Ovi kola\u010di\u0107i ne prikupljaju nikakve informacije o vama koje bi se mogle koristiti za marketing ili pra\u0107enje povijesti pregledavanja na drugim web stranicama, uslugama ili aplikacijama.<\/p>\n<h3><b>Podaci o pregledavanju i kori\u0161tenju websitea<\/b><\/h3>\n<p>Informacije prikupljene automatski s web-mjesta, uklju\u010duju\u0107i IP adrese ili nazive domena ra\u010dunala koja koriste korisnici koji se povezuju s web-mjestom, URI adrese (Uniform Resource Identifier), vrijeme zahtjeva, na\u010din kori\u0161tenja zahtjeva za slanje zahtjeva poslu\u017eitelju, veli\u010dina zaprimljene datoteke u odgovoru, numeri\u010dkom kodu koji ozna\u010dava status odgovora poslu\u017eitelja (uspje\u0161an ishod, pogre\u0161ka itd.), zemlju podrijetla, zna\u010dajke preglednika i operacijskog sustava koji koristi posjetitelj , razli\u010dite vremenske detalje po posjetu (npr. vrijeme provedeno na svakoj stranici) te pojedinosti o putu koji slijedi unutar stranice s posebnim osvrtom na redoslijed posje\u0107enih stranica i druge parametre o npr. operativnom sustavu i korisni\u010dkom informati\u010dkom okru\u017eenju.<\/p>\n<p><b>Google Analytics: <\/b>usluga za web analitiku koju pru\u017ea Google, Inc. (&#8220;Google&#8221;). Ova usluga koristi Kola\u010di\u0107e. Kola\u010di\u0107i poma\u017eu web stranici da analizira kako posjetitelji na\u0161e web stranice koriste web stranicu. Informacije koje generira Cookie o va\u0161oj upotrebi web stranice (uklju\u010duju\u0107i va\u0161u IP adresu) bit \u0107e prenesene na Google i spremljene na poslu\u017eiteljima u Sjedinjenim Ameri\u010dkim Dr\u017eavama. Google \u0107e koristiti ove informacije u svrhu procjene va\u0161e upotrebe web stranice, sastavljanje izvje\u0161\u0107a o aktivnostima na web stranici za nas i pru\u017eanje drugih usluga vezanih uz aktivnost na web stranici i kori\u0161tenje interneta. Google tako\u0111er mo\u017ee prenijeti te podatke tre\u0107im stranama, ako to zahtijeva zakon, ili ako takve tre\u0107e strane obra\u0111uju podatke u ime tvrtke Google. Google ne\u0107e povezati va\u0161u IP adresu s drugim podacima koje Google posjeduje. Mo\u017eete odbiti upotrebu kola\u010di\u0107a odabirom odgovaraju\u0107ih postavki u pregledniku, no napominjemo da, ako to u\u010dinite, mo\u017eda ne\u0107ete mo\u0107i koristiti punu funkcionalnost ove web stranice. Kori\u0161tenjem ove web stranice i omogu\u0107avanjem da kola\u010di\u0107i ostanu omogu\u0107eni, pristajete na obradu podataka o vama od strane Googlea na na\u010din i za gore navedene svrhe.<\/p>\n<h4><b>Upravljanje postavkama kola\u010di\u0107a<\/b><\/h4>\n<p>Ako ne \u017eelite prihvatiti kola\u010di\u0107e, mo\u017eete ih blokirati pode\u0161avanjem postavki u internetskom pregledniku. Imajte na umu da zbog toga \u0161to je to postavka u va\u0161em pregledniku, ta prilagodba mo\u017ee blokirati kola\u010di\u0107e za bilo koju web stranicu koju posjetite. Mo\u017eete posjetiti <a href=\"http:\/\/www.aboutcookies.org\">www.aboutcookies.org<\/a>, koji pru\u017ea detaljne informacije o upravljanju kola\u010di\u0107ima u popularnim preglednicima.<\/p>\n<p>Blokiranje kola\u010di\u0107a mo\u017ee utjecati na va\u0161u sposobnost da iskoriste pogodnosti koje pru\u017ea kori\u0161tenje kola\u010di\u0107a, mogu utjecati na va\u0161u mogu\u0107nost kori\u0161tenja odre\u0111enih zna\u010dajki prilagodbe i, u slu\u010daju kola\u010di\u0107a koji su strogo potrebni kako bi web stranica mogla pravilno raditi, mo\u017ee utjecati na kvalitet va\u0161eg iskustva na Internet stranici.<\/p>\n<p><b>THIRD PARTY COOKIES (Kola\u010di\u0107i tre\u0107e strane)<\/b><\/p>\n<p>Kola\u010di\u0107i tre\u0107e strane mogu biti instalirani na na\u0161oj web stranici. Kola\u010di\u0107i tre\u0107e strane su kola\u010di\u0107i koje postavlja domena koja nije web stranica koju korisnik posje\u0107uje. Ako korisnik posjeti web stranicu i drugi entitet postavlja kola\u010di\u0107 kroz tu web stranicu, to bi bio kola\u010di\u0107 tre\u0107e strane.<\/p>\n<p><b>PRIMJERI ZA THIRD PARTY COOKIES KOJI MOGU BITI KORI\u0160TENI NA OVOJ STRANICI<\/b><\/p>\n<ul>\n<li aria-level=\"1\">Google AdWords: prikuplja statisti\u010dke podatke o kori\u0161tenju i konverziji.<\/li>\n<li aria-level=\"1\">Google Remarketing: omogu\u0107uje ogla\u0161avanje korisnicima koji su posjetili web mjesto.<\/li>\n<li aria-level=\"1\">Facebook: dijeljenje na dru\u0161tvenim medijima.<\/li>\n<\/ul>\n<p><b>ADVERTISING COOKIES (Kola\u010di\u0107i za ogla\u0161avanje)<\/b><\/p>\n<p>Kola\u010di\u0107i za ogla\u0161avanje su kola\u010di\u0107i koji se upotrebljavaju za prikazivanje oglasa koji su relevantniji za interese korisnika. Prepoznavaju da je korisnik ve\u0107 pregledao web mjesto. \u010cesto su povezani s funkcionalno\u0161\u0107u web mjesta. Ovi kola\u010di\u0107i upotrebljavaju se za prikupljanje podataka o navikama pregledavanja kako bi oglasi koji se prikazuju bili relevantni za vas i va\u0161e interese.<\/p>\n<p>Imajte na umu da to ne utje\u010de na broj oglasa koji \u0107e vam biti prikazani. To utje\u010de samo na njihovu vrstu i sadr\u017eaj, pa \u0107e oni biti relevantniji va\u0161im interesima.<\/p>\n<p><b>TAILORED ADVERTISING (Prilago\u0111eno ogla\u0161avanje)<\/b><\/p>\n<p>Ako na va\u0161em ra\u010dunalu imate omogu\u0107ene kola\u010di\u0107e, mo\u017eemo vam predstaviti oglase relevantne za na\u0161u web stranicu. Google i dobavlja\u010di tre\u0107e strane prikazuju na\u0161e oglase na razli\u010ditim internetskim stranicama. Ako ste uklju\u010dili kola\u010di\u0107e, mo\u017eete vidjeti oglase za ovu web stranicu na drugim web stranicama. Ako se \u017eelite isklju\u010diti iz prilago\u0111enog ogla\u0161avanja, posjetite stranicu za isklju\u010divanje mre\u017enih ogla\u0161ava\u010dkih mre\u017ea <a href=\"http:\/\/www.networkadvertising.org\/choices\/\">http:\/\/www.networkadvertising.org\/choices\/<\/a><\/p>\n<\/div>\n","protected":false},"excerpt":{"rendered":"<p>Ova web stranica koristi kola\u010di\u0107e kako bi pobolj\u0161ala va\u0161e iskustvo i analizirala promet. Pro\u010ditajte na\u0161u Pravila o privatnosti kako biste saznali vi\u0161e. Ova web stranica koristi kola\u010di\u0107e. Kada posjetite na\u0161u web stranicu, u po\u010detku vam se daje &#8220;kola\u010di\u0107&#8221;, a va\u0161em ra\u010dunalu dodjeljuje ID broj. Kola\u010di\u0107 je uobi\u010dajeni dio softvera koji prati pojedina\u010dne preferencije korisnika i [&hellip;]<\/p>\n","protected":false},"author":1,"featured_media":0,"parent":0,"menu_order":0,"comment_status":"closed","ping_status":"closed","template":"","meta":{"footnotes":""},"class_list":["post-1735","page","type-page","status-publish","hentry"],"_links":{"self":[{"href":"https:\/\/21stcroatia.com\/hr\/wp-json\/wp\/v2\/pages\/1735","targetHints":{"allow":["GET"]}}],"collection":[{"href":"https:\/\/21stcroatia.com\/hr\/wp-json\/wp\/v2\/pages"}],"about":[{"href":"https:\/\/21stcroatia.com\/hr\/wp-json\/wp\/v2\/types\/page"}],"author":[{"embeddable":true,"href":"https:\/\/21stcroatia.com\/hr\/wp-json\/wp\/v2\/users\/1"}],"replies":[{"embeddable":true,"href":"https:\/\/21stcroatia.com\/hr\/wp-json\/wp\/v2\/comments?post=1735"}],"version-history":[{"count":1,"href":"https:\/\/21stcroatia.com\/hr\/wp-json\/wp\/v2\/pages\/1735\/revisions"}],"predecessor-version":[{"id":1761,"href":"https:\/\/21stcroatia.com\/hr\/wp-json\/wp\/v2\/pages\/1735\/revisions\/1761"}],"wp:attachment":[{"href":"https:\/\/21stcroatia.com\/hr\/wp-json\/wp\/v2\/media?parent=1735"}],"curies":[{"name":"wp","href":"https:\/\/api.w.org\/{rel}","templated":true}]}}