{"id":1734,"date":"2023-01-27T09:00:44","date_gmt":"2023-01-27T09:00:44","guid":{"rendered":"https:\/\/21stcroatia.com\/pravila-o-privatnosti\/"},"modified":"2023-06-29T08:24:45","modified_gmt":"2023-06-29T08:24:45","slug":"pravila-o-privatnosti","status":"publish","type":"page","link":"https:\/\/21stcroatia.com\/hr\/pravila-o-privatnosti\/","title":{"rendered":"Pravila o privatnosti"},"content":{"rendered":"<div class=\"single-content\">Na\u0161a internetska stranica koristi pravila o privatnosti u skladu s GDPR-om.<\/p>\n<h3><b>\u0160to je obuhva\u0107eno ovim pravilima?<\/b><\/h3>\n<p>Po\u010dev\u0161i od 25. svibnja 2018., Op\u0107i propisi o za\u0161titi podataka (GDPR) provode zna\u010dajne promjene kako bi se osiguralo da se svi va\u0161i privatni podaci \u010duvaju na siguran na\u010din. Va\u0161a je privatnost va\u017ena za nas tako da se obvezujemo da radimo sve \u0161to mo\u017eemo kako bismo udovoljili tim promjenama.<\/p>\n<p>Ova pravila o privatnosti obja\u0161njavaju kako koristimo sve osobne podatke koje prikupljamo o vama kada koristite na\u0161u web stranicu.<\/p>\n<h3><b>Koje podatke prikupljamo?<\/b><\/h3>\n<p>Prikupljamo informacije o vama koje ste dragovoljno poslali prilikom rezervacije, putem obrasca za kontakt ili e-mailom. Podaci o kori\u0161tenju web stranice prikupljaju se pomo\u0107u kola\u010di\u0107a (cookies). Neke se informacije automatski prikupljaju putem kola\u010di\u0107a od ogla\u0161ava\u010da tre\u0107e strane, \u201caffiliate\u201d marketin\u0161kih partnera, Google Analyticsa i WordPress dodataka (pluginovi).<\/p>\n<p>Mo\u017eete saznati vi\u0161e o kola\u010di\u0107ima i kako ih upotrebljavamo ako pro\u010ditate pravila o kola\u010di\u0107ima ni\u017ee u drugom dijelu ovog teksta.<\/p>\n<p>Podaci koje prikupljamo mogu uklju\u010divati:<\/p>\n<ul>\n<li aria-level=\"1\">Osnovne informacije &#8211; kao \u0161to su ime, godina, spol<\/li>\n<li aria-level=\"1\">Kontaktne informacije &#8211; kao \u0161to su va\u0161a ku\u0107na adresa, po\u0161tanski broj \/ po\u0161tanski broj, adresa e-po\u0161te i telefonski broj<\/li>\n<li aria-level=\"1\">Financijske informacije &#8211; dodatne informacije o osobnim podacima i pla\u0107anje koje su potrebne za obradu transakcije i uplatu, kao \u0161to su podaci o va\u0161oj kreditnoj kartici (to mo\u017ee biti obra\u0111eno od tre\u0107e strane &#8211; rezervacijskog sustava, Paypala sustav pla\u0107anja ili sli\u010dno)<\/li>\n<li aria-level=\"1\">Postavke &#8211; kao \u0161to su posebni zahtjevi, stavke vezane uz uslugu i druge postavke<\/li>\n<li aria-level=\"1\">Tehni\u010dke informacije &#8211; kao \u0161to su informacije o vrsti ure\u0111aja koji upotrebljavate za interakciju s nama (hardverski model, operacijski sustav i verzija, informacije o mobilnoj mre\u017ei)<\/li>\n<li aria-level=\"1\">Korespondencija &#8211; kad nas kontaktirate (slanje upita ili podno\u0161enje zahtjeva) sva dopisivanja mogu se \u010duvati i dodati va\u0161im osobnim podacima.<\/li>\n<li aria-level=\"1\">Prihva\u0107anje upotrebe i obrade informacija u skladu s pravilima o privatnosti<\/li>\n<\/ul>\n<h3><b>Kako \u0107emo koristiti navedene informacije?<\/b><\/h3>\n<p>Koristit \u0107emo informacije koje smo dobili od vas za obradu va\u0161eg zahtjeva ili upita, obradu uplate potrebnu za garanciju Va\u0161e rezervacije i obra\u0111ivat \u0107emo ih \u200b\u200bu statisti\u010dke svrhe kako bismo pobolj\u0161ali na\u0161e usluge i prilagodili ih bolje potrebama na\u0161ih gostiju. Samo ako nam date izri\u010ditu suglasnost, slat \u0107emo Vam e-po\u0161tom informacije o uslugama, ponudama i popustima za koje mislimo da bi vas mogli zanimati.<\/p>\n<p>Koristimo informacije prikupljene iz va\u0161ih posjeta na na\u0161oj web stranici kako bismo pobolj\u0161ali do\u017eivljaj i prilagodili va\u0161e ponovljene posjete na\u0161oj web stranici.<\/p>\n<p>Ne\u0107emo dijeliti va\u0161e osobne podatke s tre\u0107im stranama u bilo koju svrhu. Na\u0161i zaposlenici jedini su koji imaju pristup va\u0161im osobnim podacima.<\/p>\n<p>Osobni podaci registrirani na obrascima na na\u0161oj web stranici nisu dostupni ostalim posjetiteljima web mjesta. Informacije se ne dijele s tre\u0107im stranama, osim ako to nije potrebno za isporuku naru\u010dene usluge ili ako ste to pristali po zavr\u0161etku obrasca. Ova web stranica ne prodaje osobne podatke drugima.<\/p>\n<h3><b>Google Analytics i Search Console<\/b><\/h3>\n<p>Ova web stranica koristi Google Analytics i Search Console, uslugu web analize koju pru\u017ea Google, Inc. (&#8220;Google&#8221;). Google Analytics prikuplja informacije o tome koliko \u010desto korisnici posje\u0107uju ovu web stranicu, koje stranice posje\u0107uju i koje druge web stranice koriste prije dolaska na ovu web stranicu. Te podatke iz usluge Google Analytics koristimo samo za analizu prometa i pobolj\u0161anja ove web stranice.<\/p>\n<p>Google Analytics prikuplja vama dodijeljenu IP adresu samo na datum kada posjetite ovu web stranicu, a NE prikuplja va\u0161e ime ili druge podatke za identifikaciju. Google ne\u0107e povezati va\u0161u IP adresu s drugim podacima koje Google posjeduje. Google Analytics bilje\u017ei trajni kola\u010di\u0107 na va\u0161em web pregledniku kako bi vas identificirao kao jedinstvenog korisnika sljede\u0107i put kada posjetite ovu web stranicu, ali kola\u010di\u0107 ne mo\u017ee koristiti nitko osim Googlea.<\/p>\n<p>Mo\u017eete odbiti upotrebu kola\u010di\u0107a odabirom odgovaraju\u0107ih postavki u va\u0161em web pregledniku (Chrome, Mozilla), no napominjemo da, ako to u\u010dinite, mo\u017eda ne\u0107ete mo\u0107i koristiti punu funkcionalnost ove web stranice.<\/p>\n<p>Kori\u0161tenjem ove web stranice, pristajete na obradu podataka o vama od strane Googlea na gore navedene na\u010dine i namjene.<\/p>\n<p>Dodatne informacije o uvjetima kori\u0161tenja i privatnosti podataka mogu se prona\u0107i na Uvjetima pru\u017eanja usluge <a href=\"https:\/\/www.google.com\/analytics\/terms\/us.html\">Google Analytics Terms of Service<\/a> i <a href=\"https:\/\/www.google.com\/analytics\/learn\/privacy.html\">\u00a0Google Analytics Privacy Overview<\/a>.<\/p>\n<h3><b>Ho\u0107emo li koristiti podatke za marketin\u0161ke svrhe?<\/b><\/h3>\n<p>Ako ste kod nas obavili kupnju, to ne zna\u010di da \u0107ete od nas primiti marketin\u0161ke e-poruke. Morat \u0107ete eksplicitno pismeno potvrditi da ih \u017eelite primati da bismo \u010dak i razmotrili da ih \u0161aljemo.<\/p>\n<p>U na\u0161oj marketin\u0161koj e-po\u0161ti mo\u017eemo upotrijebiti va\u0161u adresu e-po\u0161te, ime i prezime kako bismo vam dodatno personalizirali e-po\u0161tu. Upotrijebit \u0107emo samo informacije koje ste nam izri\u010dito dali za ovu svrhu.<\/p>\n<p>Ako ste se odlu\u010dili za primanje marketin\u0161kih poruka e-po\u0161te, mo\u017eete se u bilo kojem trenutku isklju\u010diti \/ otkazati daljnje primanje putem e-po\u0161te. Imate pravo u svakom trenutku od nas zatra\u017eiti da vas vi\u0161e ne kontaktiramo. Imate pravo zatra\u017eiti kopiju svih informacija koje dr\u017eimo o vama. Ako \u017eelite kopiju odre\u0111enih ili svih va\u0161ih osobnih podataka, po\u0161aljite nam zahtjev na na\u0161u e-mail adresu.<\/p>\n<h3><b>Pristup, ispravljanje ili brisanje osobnih podataka<\/b><\/h3>\n<p>Za upite o pristupu, ispravljanju ili brisanju osobnih podataka, po\u0161aljite nam e-mail.<\/p>\n<h3><b>SSL enkripcija<\/b><\/h3>\n<p>Na\u0161a web stranica je osigurana SSL certifikatom, \u0161to zna\u010di da su stranice \u0161ifrirane. To prikazuje \u201chttps\u201d oznaka uz web adresu. Ovo mo\u017eete provjeriti klikom na ikonu lokota koja se prikazuje pokraj adrese stranice u va\u0161em pregledniku.<\/p>\n<h3><b>Kako koristimo kola\u010di\u0107e?<\/b><\/h3>\n<p>Web stranica koristi kola\u010di\u0107e iz raznih razloga. Na\u017ealost, u ve\u0107ini slu\u010dajeva nema industrijskih standardnih opcija za onemogu\u0107avanje kola\u010di\u0107a bez potpunog onesposobljavanja funkcija i zna\u010dajki websitea. Preporu\u010da se da ostavite uklju\u010dene sve kola\u010di\u0107e ako niste sigurni trebate li ih ili ne, u slu\u010daju da se koriste za pru\u017eanje usluge koju koristite odnosno pregled websitea.<\/p>\n<p>Vi\u0161e informacija o na\u0161oj upotrebi kola\u010di\u0107a i njihovoj definiciji mo\u017eete prona\u0107i u na\u0161im \u201ccookie policy\u201d pravilima u nastavku.<\/p>\n<h3><b>Website-ovi<\/b><\/h3>\n<p>Na\u0161a web stranica mo\u017ee sadr\u017eavati veze na druge web stranice. Ova se pravila o privatnosti odnose samo na na\u0161u web stranicu.<\/p>\n<p>Ako veza vodi do druge web stranice, ova web stranica nije odgovorna za osobne podatke na vanjskoj web lokaciji. U takvim slu\u010dajevima primjenjuje se izjava o privatnosti vanjske web stranice.<\/p>\n<h1>COOKIE POLICY (PRAVILA O KOLA\u010cI\u0106IMA)<\/h1>\n<p><i>Ova web stranica koristi kola\u010di\u0107e kako bi pobolj\u0161ala va\u0161e iskustvo i analizirala promet. Pro\u010ditajte na\u0161u Pravila o privatnosti kako biste saznali vi\u0161e.<\/i><\/p>\n<p>Ova web stranica koristi kola\u010di\u0107e. Kada posjetite na\u0161u web stranicu, u po\u010detku vam se daje &#8220;kola\u010di\u0107&#8221;, a va\u0161em ra\u010dunalu dodjeljuje ID broj. Kola\u010di\u0107 je uobi\u010dajeni dio softvera koji prati pojedina\u010dne preferencije korisnika i koji mo\u017ee pobolj\u0161ati va\u0161e iskustvo posjeta web stranici. Kola\u010di\u0107i nam omogu\u0107uju pru\u017eanje prilago\u0111enog iskustva bez da nas morate podsjetiti na svoje postavke svaki put kada posjetite na\u0161u web stranicu. Ne dijelimo va\u0161u aktivnost na na\u0161oj web stranici s tre\u0107im stranama, niti prikupljamo podatke s drugih web stranica koje posjetite. Ovi kola\u010di\u0107i ne prikupljaju nikakve informacije o vama koje bi se mogle koristiti za marketing ili pra\u0107enje povijesti pregledavanja na drugim web stranicama, uslugama ili aplikacijama.<\/p>\n<h3><b>Podaci o pregledavanju i kori\u0161tenju websitea<\/b><\/h3>\n<p>Informacije prikupljene automatski s web-mjesta, uklju\u010duju\u0107i IP adrese ili nazive domena ra\u010dunala koja koriste korisnici koji se povezuju s web-mjestom, URI adrese (Uniform Resource Identifier), vrijeme zahtjeva, na\u010din kori\u0161tenja zahtjeva za slanje zahtjeva poslu\u017eitelju, veli\u010dina zaprimljene datoteke u odgovoru, numeri\u010dkom kodu koji ozna\u010dava status odgovora poslu\u017eitelja (uspje\u0161an ishod, pogre\u0161ka itd.), zemlju podrijetla, zna\u010dajke preglednika i operacijskog sustava koji koristi posjetitelj , razli\u010dite vremenske detalje po posjetu (npr. vrijeme provedeno na svakoj stranici) te pojedinosti o putu koji slijedi unutar stranice s posebnim osvrtom na redoslijed posje\u0107enih stranica i druge parametre o npr. operativnom sustavu i korisni\u010dkom informati\u010dkom okru\u017eenju.<\/p>\n<p><b>Google Analytics: <\/b>usluga za web analitiku koju pru\u017ea Google, Inc. (&#8220;Google&#8221;). Ova usluga koristi Kola\u010di\u0107e. Kola\u010di\u0107i poma\u017eu web stranici da analizira kako posjetitelji na\u0161e web stranice koriste web stranicu. Informacije koje generira Cookie o va\u0161oj upotrebi web stranice (uklju\u010duju\u0107i va\u0161u IP adresu) bit \u0107e prenesene na Google i spremljene na poslu\u017eiteljima u Sjedinjenim Ameri\u010dkim Dr\u017eavama. Google \u0107e koristiti ove informacije u svrhu procjene va\u0161e upotrebe web stranice, sastavljanje izvje\u0161\u0107a o aktivnostima na web stranici za nas i pru\u017eanje drugih usluga vezanih uz aktivnost na web stranici i kori\u0161tenje interneta. Google tako\u0111er mo\u017ee prenijeti te podatke tre\u0107im stranama, ako to zahtijeva zakon, ili ako takve tre\u0107e strane obra\u0111uju podatke u ime tvrtke Google. Google ne\u0107e povezati va\u0161u IP adresu s drugim podacima koje Google posjeduje. Mo\u017eete odbiti upotrebu kola\u010di\u0107a odabirom odgovaraju\u0107ih postavki u pregledniku, no napominjemo da, ako to u\u010dinite, mo\u017eda ne\u0107ete mo\u0107i koristiti punu funkcionalnost ove web stranice. Kori\u0161tenjem ove web stranice i omogu\u0107avanjem da kola\u010di\u0107i ostanu omogu\u0107eni, pristajete na obradu podataka o vama od strane Googlea na na\u010din i za gore navedene svrhe.<\/p>\n<h4><b>Upravljanje postavkama kola\u010di\u0107a<\/b><\/h4>\n<p>Ako ne \u017eelite prihvatiti kola\u010di\u0107e, mo\u017eete ih blokirati pode\u0161avanjem postavki u internetskom pregledniku. Imajte na umu da zbog toga \u0161to je to postavka u va\u0161em pregledniku, ta prilagodba mo\u017ee blokirati kola\u010di\u0107e za bilo koju web stranicu koju posjetite. Mo\u017eete posjetiti <a href=\"http:\/\/www.aboutcookies.org\">www.aboutcookies.org<\/a>, koji pru\u017ea detaljne informacije o upravljanju kola\u010di\u0107ima u popularnim preglednicima.<\/p>\n<p>Blokiranje kola\u010di\u0107a mo\u017ee utjecati na va\u0161u sposobnost da iskoriste pogodnosti koje pru\u017ea kori\u0161tenje kola\u010di\u0107a, mogu utjecati na va\u0161u mogu\u0107nost kori\u0161tenja odre\u0111enih zna\u010dajki prilagodbe i, u slu\u010daju kola\u010di\u0107a koji su strogo potrebni kako bi web stranica mogla pravilno raditi, mo\u017ee utjecati na kvalitet va\u0161eg iskustva na Internet stranici.<\/p>\n<p><b>THIRD PARTY COOKIES (Kola\u010di\u0107i tre\u0107e strane)<\/b><\/p>\n<p>Kola\u010di\u0107i tre\u0107e strane mogu biti instalirani na na\u0161oj web stranici. Kola\u010di\u0107i tre\u0107e strane su kola\u010di\u0107i koje postavlja domena koja nije web stranica koju korisnik posje\u0107uje. Ako korisnik posjeti web stranicu i drugi entitet postavlja kola\u010di\u0107 kroz tu web stranicu, to bi bio kola\u010di\u0107 tre\u0107e strane.<\/p>\n<p><b>PRIMJERI ZA THIRD PARTY COOKIES KOJI MOGU BITI KORI\u0160TENI NA OVOJ STRANICI<\/b><\/p>\n<ul>\n<li aria-level=\"1\">Google AdWords: prikuplja statisti\u010dke podatke o kori\u0161tenju i konverziji.<\/li>\n<li aria-level=\"1\">Google Remarketing: omogu\u0107uje ogla\u0161avanje korisnicima koji su posjetili web mjesto.<\/li>\n<li aria-level=\"1\">Facebook: dijeljenje na dru\u0161tvenim medijima.<\/li>\n<\/ul>\n<p><b>ADVERTISING COOKIES (Kola\u010di\u0107i za ogla\u0161avanje)<\/b><\/p>\n<p>Kola\u010di\u0107i za ogla\u0161avanje su kola\u010di\u0107i koji se upotrebljavaju za prikazivanje oglasa koji su relevantniji za interese korisnika. Prepoznavaju da je korisnik ve\u0107 pregledao web mjesto. \u010cesto su povezani s funkcionalno\u0161\u0107u web mjesta. Ovi kola\u010di\u0107i upotrebljavaju se za prikupljanje podataka o navikama pregledavanja kako bi oglasi koji se prikazuju bili relevantni za vas i va\u0161e interese.<\/p>\n<p>Imajte na umu da to ne utje\u010de na broj oglasa koji \u0107e vam biti prikazani. To utje\u010de samo na njihovu vrstu i sadr\u017eaj, pa \u0107e oni biti relevantniji va\u0161im interesima.<\/p>\n<p><b>TAILORED ADVERTISING (Prilago\u0111eno ogla\u0161avanje)<\/b><\/p>\n<p>Ako na va\u0161em ra\u010dunalu imate omogu\u0107ene kola\u010di\u0107e, mo\u017eemo vam predstaviti oglase relevantne za na\u0161u web stranicu. Google i dobavlja\u010di tre\u0107e strane prikazuju na\u0161e oglase na razli\u010ditim internetskim stranicama. Ako ste uklju\u010dili kola\u010di\u0107e, mo\u017eete vidjeti oglase za ovu web stranicu na drugim web stranicama. Ako se \u017eelite isklju\u010diti iz prilago\u0111enog ogla\u0161avanja, posjetite stranicu za isklju\u010divanje mre\u017enih ogla\u0161ava\u010dkih mre\u017ea <a href=\"http:\/\/www.networkadvertising.org\/choices\/\">http:\/\/www.networkadvertising.org\/choices\/<\/a><\/p>\n<\/div>\n","protected":false},"excerpt":{"rendered":"<p>Na\u0161a internetska stranica koristi pravila o privatnosti u skladu s GDPR-om. \u0160to je obuhva\u0107eno ovim pravilima? Po\u010dev\u0161i od 25. svibnja 2018., Op\u0107i propisi o za\u0161titi podataka (GDPR) provode zna\u010dajne promjene kako bi se osiguralo da se svi va\u0161i privatni podaci \u010duvaju na siguran na\u010din. Va\u0161a je privatnost va\u017ena za nas tako da se obvezujemo da [&hellip;]<\/p>\n","protected":false},"author":1,"featured_media":0,"parent":0,"menu_order":0,"comment_status":"closed","ping_status":"open","template":"","meta":{"footnotes":""},"class_list":["post-1734","page","type-page","status-publish","hentry"],"_links":{"self":[{"href":"https:\/\/21stcroatia.com\/hr\/wp-json\/wp\/v2\/pages\/1734","targetHints":{"allow":["GET"]}}],"collection":[{"href":"https:\/\/21stcroatia.com\/hr\/wp-json\/wp\/v2\/pages"}],"about":[{"href":"https:\/\/21stcroatia.com\/hr\/wp-json\/wp\/v2\/types\/page"}],"author":[{"embeddable":true,"href":"https:\/\/21stcroatia.com\/hr\/wp-json\/wp\/v2\/users\/1"}],"replies":[{"embeddable":true,"href":"https:\/\/21stcroatia.com\/hr\/wp-json\/wp\/v2\/comments?post=1734"}],"version-history":[{"count":2,"href":"https:\/\/21stcroatia.com\/hr\/wp-json\/wp\/v2\/pages\/1734\/revisions"}],"predecessor-version":[{"id":3575,"href":"https:\/\/21stcroatia.com\/hr\/wp-json\/wp\/v2\/pages\/1734\/revisions\/3575"}],"wp:attachment":[{"href":"https:\/\/21stcroatia.com\/hr\/wp-json\/wp\/v2\/media?parent=1734"}],"curies":[{"name":"wp","href":"https:\/\/api.w.org\/{rel}","templated":true}]}}